{"id":31781,"date":"2024-02-21T00:02:50","date_gmt":"2024-02-20T23:02:50","guid":{"rendered":"https:\/\/becdaxis.ch\/?page_id=31781"},"modified":"2025-06-11T19:49:44","modified_gmt":"2025-06-11T17:49:44","slug":"rdv","status":"publish","type":"page","link":"https:\/\/becdaxis.ch\/fr\/rdv\/","title":{"rendered":"Rendez-vous"},"content":{"rendered":"<p>[et_pb_section fb_built=\u00a0\u00bb1&Prime; admin_label=\u00a0\u00bbPricing\u00a0\u00bb _builder_version=\u00a0\u00bb4.22.2&Prime; _module_preset=\u00a0\u00bbdefault\u00a0\u00bb background_color=\u00a0\u00bbRGBA(255,255,255,0)\u00a0\u00bb width=\u00a0\u00bb100%\u00a0\u00bb max_width=\u00a0\u00bb100%\u00a0\u00bb module_alignment=\u00a0\u00bbcenter\u00a0\u00bb custom_margin=\u00a0\u00bb0px|0px|0px|0px|false|false\u00a0\u00bb custom_padding=\u00a0\u00bb0px|0px|0px|0px|false|false\u00a0\u00bb global_colors_info=\u00a0\u00bb{}\u00a0\u00bb][et_pb_row _builder_version=\u00a0\u00bb4.24.1&Prime; _module_preset=\u00a0\u00bbdefault\u00a0\u00bb global_colors_info=\u00a0\u00bb{}\u00a0\u00bb][et_pb_column type=\u00a0\u00bb4_4&Prime; _builder_version=\u00a0\u00bb4.24.1&Prime; _module_preset=\u00a0\u00bbdefault\u00a0\u00bb global_colors_info=\u00a0\u00bb{}\u00a0\u00bb][et_pb_code _builder_version=\u00a0\u00bb4.24.1&Prime; _module_preset=\u00a0\u00bbdefault\u00a0\u00bb custom_css_main_element=\u00a0\u00bbfont-family: %22Archivo%22, Helvetica, Arial, Lucida, sans-serif;\u00a0\u00bb global_colors_info=\u00a0\u00bb{}\u00a0\u00bb]<!--\nPlugin Name: Bookly - Responsive WordPress Appointment Booking and Scheduling Plugin\nPlugin URI: https:\/\/www.booking-wp-plugin.com\/?utm_source=bookly_admin&utm_medium=plugins_page&utm_campaign=plugins_page\nVersion: 27.4-->\n<style type=\"text\/css\">\n    :root {\n        --bookly-main-color: #000000 !important;\n        --bookly-color: #000000 !important;\n    }\n\n        \/*.bookly-progress-tracker > div:last-child{\n   display:none  !important;\n}*\/\n\n.bookly-progress-tracker .active .step{\nbackground: yellow !important;\n}\n.bookly-progress-tracker .step{\nheight:20px  !important; \nborder-top:1px solid black !important;\nborder-bottom:1px solid black !important;\nbackground:white;\n}\n\n.bookly-progress-tracker > div:first-child .step {\nborder-radius: 10px 0 0 10px  !important; \nborder-left:1px solid black !important;\nborder-top:1px solid black !important;\nborder-bottom:1px solid black !important;\n}\n.bookly-progress-tracker > div:nth-last-child(1) .step {\nborder-radius: 0 10px 10px 0  !important;\nborder-right:1px solid black !important;\nborder-top:1px solid black !important;\nborder-bottom:1px solid black !important;\n}\n.bookly-progress-tracker div{\ntext-align:center !important;}\n\n.bookly-nav-steps {\nborder-top: none !important;\n}\n\n\n#bookly-js-address .bookly-box{\n \n}\n#bookly-js-address .bookly-box:nth-child(1){\nwidth:75% !important;    display: inline-block; \/*adresse*\/\npadding-right: 10px  !important;\nbox-sizing: border-box  !important;\n}\n#bookly-js-address .bookly-box:nth-child(3){\n    width:25% !important;    display: inline-block; \/*no*\/\n    margin-left: -5px  !important;\n    margin-right: -10px  !important;\nbox-sizing: border-box  !important;\n}\n#bookly-js-address .bookly-box:nth-child(4){\n    width:25% !important;    display: inline-block  !important; \/*zip*\/\n    padding-right: 10px !important;\nbox-sizing: border-box  !important;\n\n}\n#bookly-js-address .bookly-box:nth-child(5){\n    width:75%;    display: inline-block; \/*ville*\/\nmargin-left: -5px  !important;\n    margin-right: -10px  !important;\nbox-sizing: border-box  !important;\n}\n#bookly-js-address .bookly-box:nth-child(6){\n    \/*pays*\/\n}\n.bookly-box {\n    margin: 0 0 10px  !important;\n    overflow: visible  !important;\n}\n.bookly-form-group label{\ncolor: #666 !important;\n}    <\/style><div class=\"bookly-css-root\">\n    <div id=\"bookly-form-container-69e587b14768f\" class=\"bookly-form\" data-form_id=\"\" aria-live=\"polite\">\n        <div style=\"text-align: center\"><img decoding=\"async\" src=\"https:\/\/becdaxis.ch\/wp-includes\/js\/tinymce\/skins\/lightgray\/img\/loader.gif\" alt=\"Chargement...\"\/><\/div>\n    <\/div>\n<\/div>\n<script type=\"text\/javascript\">\n    (function (win, fn) {\n        var done = false, top = true,\n            doc = win.document,\n            root = doc.documentElement,\n            modern = doc.addEventListener,\n            add = modern ? 'addEventListener' : 'attachEvent',\n            rem = modern ? 'removeEventListener' : 'detachEvent',\n            pre = modern ? '' : 'on',\n            init = function (e) {\n                if (e.type == 'readystatechange') if (doc.readyState != 'complete') return;\n                (e.type == 'load' ? win : doc)[rem](pre + e.type, init, false);\n                if (!done) {\n                    done = true;\n                    fn.call(win, e.type || e);\n                }\n            },\n            poll = function () {\n                try {\n                    root.doScroll('left');\n                } catch (e) {\n                    setTimeout(poll, 50);\n                    return;\n                }\n                init('poll');\n            };\n        if (doc.readyState == 'complete') fn.call(win, 'lazy');\n        else {\n            if (!modern) if (root.doScroll) {\n                try {\n                    top = !win.frameElement;\n                } catch (e) {\n                }\n                if (top) poll();\n            }\n            doc[add](pre + 'DOMContentLoaded', init, false);\n            doc[add](pre + 'readystatechange', init, false);\n            win[add](pre + 'load', init, false);\n        }\n    })(window, function () {\n        window.bookly( {\"form_id\":\"69e587b14768f\",\"form_data\":{\"skip_service_step\":0,\"hide_service_part1\":0,\"hide_service_part2\":1,\"defaults\":{\"service_id\":1,\"staff_id\":0,\"location_id\":0,\"category_id\":1,\"units\":0,\"date_from\":0,\"time_from\":0,\"time_to\":0}},\"status\":{\"booking\":\"new\"},\"form_token\":null,\"skip_steps\":{\"service_part1\":0,\"service_part2\":1,\"extras\":1,\"time\":0,\"repeat\":1,\"cart\":1},\"errors\":{\"session_error\":\"Erreur Session.\",\"form_id_error\":\"ID Formulaire d'erreur.\",\"cart_item_not_available\":\"Le cr\\u00e9neau horaire s\\u00e9lectionn\\u00e9 n'est plus disponible. Merci d'en choisir un autre.\",\"pay_locally_not_available\":\"Le paiement local n'est pas disponible.\",\"invalid_gateway\":\"Portail invalide.\",\"payment_error\":\"Erreur.\",\"incorrect_username_password\":\"Identifiant ou mot de passe incorrect.\"},\"form_attributes\":{\"hide_categories\":true,\"hide_services\":false,\"hide_staff_members\":false,\"show_number_of_persons\":false,\"hide_service_duration\":false,\"hide_locations\":true,\"hide_quantity\":true,\"hide_date\":true,\"hide_week_days\":true,\"hide_time_range\":true,\"const_category_id\":1},\"use_client_time_zone\":0,\"defaults\":{\"service_id\":1,\"staff_id\":0,\"location_id\":0,\"category_id\":1},\"datepicker_mode\":\"text-accent\",\"facebook\":{\"enabled\":0,\"appId\":\"\"}} );\n    });\n<\/script><!-- [et_pb_line_break_holder] -->[\/et_pb_code][\/et_pb_column][\/et_pb_row][\/et_pb_section][et_pb_section fb_built=\u00a0\u00bb1&Prime; _builder_version=\u00a0\u00bb4.16&Prime; _module_preset=\u00a0\u00bbdefault\u00a0\u00bb custom_css_main_element=\u00a0\u00bbdisplay:none;\u00a0\u00bb global_colors_info=\u00a0\u00bb{}\u00a0\u00bb][et_pb_row _builder_version=\u00a0\u00bb4.16&Prime; _module_preset=\u00a0\u00bbdefault\u00a0\u00bb global_colors_info=\u00a0\u00bb{}\u00a0\u00bb][et_pb_column type=\u00a0\u00bb4_4&Prime; _builder_version=\u00a0\u00bb4.16&Prime; _module_preset=\u00a0\u00bbdefault\u00a0\u00bb global_colors_info=\u00a0\u00bb{}\u00a0\u00bb][et_pb_testimonial url=\u00a0\u00bbhttps:\/\/becdaxis.ch\/\/offre-impot\/?prix=99&#038;date=mars2021&Prime; portrait_url=\u00a0\u00bbhttps:\/\/becdaxis.ch\/wp-content\/uploads\/2021\/03\/Capture-de\u0301cran-2021-03-10-a\u0300-08.48.31-e1615362541283.png\u00a0\u00bb _builder_version=\u00a0\u00bb4.16&Prime; _module_preset=\u00a0\u00bbdefault\u00a0\u00bb background_color=\u00a0\u00bbRGBA(0,0,0,0)\u00a0\u00bb link_option_url=\u00a0\u00bbhttps:\/\/becdaxis.ch\/\/offre-impot\/?prix=99&#038;date=mars2021&Prime; global_colors_info=\u00a0\u00bb{}\u00a0\u00bb]<\/p>\n<p style=\"text-align: left;\">Valable jusqu\u2019\u00e0 fin mars 2021, votre d\u00e9claration fiscale personnelle vous co\u00fbtera moins de cent francs Suisse!<\/p>\n<div class=\"et_pb_button_module_wrapper et_pb_button_0_wrapper et_pb_button_alignment_left et_pb_module \" style=\"text-align: center;\"><a class=\"et_pb_button et_pb_button_0 et_pb_bg_layout_light\" href=\"https:\/\/becdaxis.ch\/\/offre-impot\/?prix=99&amp;date=mars2021\">Voir notre offre&#8230;<\/a><\/div>\n<p>[\/et_pb_testimonial][\/et_pb_column][\/et_pb_row][\/et_pb_section]<\/p>\n","protected":false},"excerpt":{"rendered":"<p>Valable jusqu\u2019\u00e0 fin mars 2021, votre d\u00e9claration fiscale personnelle vous co\u00fbtera moins de cent francs Suisse! Voir notre&#8230;<\/p>\n","protected":false},"author":1,"featured_media":30312,"parent":0,"menu_order":0,"comment_status":"closed","ping_status":"closed","template":"full-width.php","meta":{"_et_pb_use_builder":"on","_et_pb_old_content":"","_et_gb_content_width":"","inline_featured_image":false,"footnotes":""},"class_list":["post-31781","page","type-page","status-publish","has-post-thumbnail","hentry"],"yoast_head":"<!-- This site is optimized with the Yoast SEO plugin v27.4 - https:\/\/yoast.com\/product\/yoast-seo-wordpress\/ -->\n<title>BECDAXIS SERVICES | FR | ES | Fiduciary Swiss tax Accounting<\/title>\n<meta name=\"description\" content=\"Based in Geneva, is your trusted partner for AFC tax services, accounting, payroll management, and taxes. Available in French and Spanish.\" \/>\n<meta name=\"robots\" content=\"index, follow, max-snippet:-1, max-image-preview:large, max-video-preview:-1\" \/>\n<link rel=\"canonical\" href=\"https:\/\/becdaxis.ch\/fr\/rdv\/\" \/>\n<meta property=\"og:locale\" content=\"fr_FR\" \/>\n<meta property=\"og:type\" content=\"article\" \/>\n<meta property=\"og:title\" content=\"BECDAXIS SERVICES | FR | ES | Fiduciary Swiss tax Accounting\" \/>\n<meta property=\"og:description\" content=\"Based in Geneva, is your trusted partner for AFC tax services, accounting, payroll management, and taxes. Available in French and Spanish.\" \/>\n<meta property=\"og:url\" content=\"https:\/\/becdaxis.ch\/fr\/rdv\/\" \/>\n<meta property=\"og:site_name\" content=\"BECDAXIS SERVICES\" \/>\n<meta property=\"article:publisher\" content=\"https:\/\/www.facebook.com\/Becdaxis\" \/>\n<meta property=\"article:modified_time\" content=\"2025-06-11T17:49:44+00:00\" \/>\n<meta property=\"og:image\" content=\"https:\/\/becdaxis.ch\/wp-content\/uploads\/becdaxis-loro-square.jpg\" \/>\n\t<meta property=\"og:image:width\" content=\"680\" \/>\n\t<meta property=\"og:image:height\" content=\"680\" \/>\n\t<meta property=\"og:image:type\" content=\"image\/jpeg\" \/>\n<meta name=\"twitter:card\" content=\"summary_large_image\" \/>\n<meta name=\"twitter:label1\" content=\"Dur\u00e9e de lecture estim\u00e9e\" \/>\n\t<meta name=\"twitter:data1\" content=\"1 minute\" \/>\n<script type=\"application\/ld+json\" class=\"yoast-schema-graph\">{\"@context\":\"https:\\\/\\\/schema.org\",\"@graph\":[{\"@type\":\"WebPage\",\"@id\":\"https:\\\/\\\/becdaxis.ch\\\/rdv\\\/\",\"url\":\"https:\\\/\\\/becdaxis.ch\\\/rdv\\\/\",\"name\":\"BECDAXIS SERVICES | FR | ES | Fiduciary Swiss tax Accounting\",\"isPartOf\":{\"@id\":\"https:\\\/\\\/becdaxis.ch\\\/#website\"},\"primaryImageOfPage\":{\"@id\":\"https:\\\/\\\/becdaxis.ch\\\/rdv\\\/#primaryimage\"},\"image\":{\"@id\":\"https:\\\/\\\/becdaxis.ch\\\/rdv\\\/#primaryimage\"},\"thumbnailUrl\":\"https:\\\/\\\/becdaxis.ch\\\/wp-content\\\/uploads\\\/becdaxis-loro-square.jpg\",\"datePublished\":\"2024-02-20T23:02:50+00:00\",\"dateModified\":\"2025-06-11T17:49:44+00:00\",\"description\":\"Based in Geneva, is your trusted partner for AFC tax services, accounting, payroll management, and taxes. Available in French and Spanish.\",\"breadcrumb\":{\"@id\":\"https:\\\/\\\/becdaxis.ch\\\/rdv\\\/#breadcrumb\"},\"inLanguage\":\"fr-FR\",\"potentialAction\":[{\"@type\":\"ReadAction\",\"target\":[\"https:\\\/\\\/becdaxis.ch\\\/rdv\\\/\"]}]},{\"@type\":\"ImageObject\",\"inLanguage\":\"fr-FR\",\"@id\":\"https:\\\/\\\/becdaxis.ch\\\/rdv\\\/#primaryimage\",\"url\":\"https:\\\/\\\/becdaxis.ch\\\/wp-content\\\/uploads\\\/becdaxis-loro-square.jpg\",\"contentUrl\":\"https:\\\/\\\/becdaxis.ch\\\/wp-content\\\/uploads\\\/becdaxis-loro-square.jpg\",\"width\":680,\"height\":680},{\"@type\":\"BreadcrumbList\",\"@id\":\"https:\\\/\\\/becdaxis.ch\\\/rdv\\\/#breadcrumb\",\"itemListElement\":[{\"@type\":\"ListItem\",\"position\":1,\"name\":\"Accueil\",\"item\":\"https:\\\/\\\/becdaxis.ch\\\/fr\\\/\"},{\"@type\":\"ListItem\",\"position\":2,\"name\":\"Rendez-vous\"}]},{\"@type\":\"WebSite\",\"@id\":\"https:\\\/\\\/becdaxis.ch\\\/#website\",\"url\":\"https:\\\/\\\/becdaxis.ch\\\/\",\"name\":\"BECDAXIS SERVICES\",\"description\":\"Route de Lyon 77, CH-1203 Gen\u00e8ve\",\"publisher\":{\"@id\":\"https:\\\/\\\/becdaxis.ch\\\/#organization\"},\"potentialAction\":[{\"@type\":\"SearchAction\",\"target\":{\"@type\":\"EntryPoint\",\"urlTemplate\":\"https:\\\/\\\/becdaxis.ch\\\/?s={search_term_string}\"},\"query-input\":{\"@type\":\"PropertyValueSpecification\",\"valueRequired\":true,\"valueName\":\"search_term_string\"}}],\"inLanguage\":\"fr-FR\"},{\"@type\":\"Organization\",\"@id\":\"https:\\\/\\\/becdaxis.ch\\\/#organization\",\"name\":\"BECDAXIS SERVICES\",\"url\":\"https:\\\/\\\/becdaxis.ch\\\/\",\"logo\":{\"@type\":\"ImageObject\",\"inLanguage\":\"fr-FR\",\"@id\":\"https:\\\/\\\/becdaxis.ch\\\/#\\\/schema\\\/logo\\\/image\\\/\",\"url\":\"https:\\\/\\\/becdaxis.ch\\\/wp-content\\\/uploads\\\/becdaxis-loro-square.jpg\",\"contentUrl\":\"https:\\\/\\\/becdaxis.ch\\\/wp-content\\\/uploads\\\/becdaxis-loro-square.jpg\",\"width\":680,\"height\":680,\"caption\":\"BECDAXIS SERVICES\"},\"image\":{\"@id\":\"https:\\\/\\\/becdaxis.ch\\\/#\\\/schema\\\/logo\\\/image\\\/\"},\"sameAs\":[\"https:\\\/\\\/www.facebook.com\\\/Becdaxis\",\"https:\\\/\\\/linkedin.com\\\/company\\\/becdaxisservices\",\"https:\\\/\\\/g.page\\\/BECDAXIS\"]}]}<\/script>\n<!-- \/ Yoast SEO plugin. -->","yoast_head_json":{"title":"BECDAXIS SERVICES | FR | ES | Fiduciary Swiss tax Accounting","description":"Based in Geneva, is your trusted partner for AFC tax services, accounting, payroll management, and taxes. Available in French and Spanish.","robots":{"index":"index","follow":"follow","max-snippet":"max-snippet:-1","max-image-preview":"max-image-preview:large","max-video-preview":"max-video-preview:-1"},"canonical":"https:\/\/becdaxis.ch\/fr\/rdv\/","og_locale":"fr_FR","og_type":"article","og_title":"BECDAXIS SERVICES | FR | ES | Fiduciary Swiss tax Accounting","og_description":"Based in Geneva, is your trusted partner for AFC tax services, accounting, payroll management, and taxes. Available in French and Spanish.","og_url":"https:\/\/becdaxis.ch\/fr\/rdv\/","og_site_name":"BECDAXIS SERVICES","article_publisher":"https:\/\/www.facebook.com\/Becdaxis","article_modified_time":"2025-06-11T17:49:44+00:00","og_image":[{"width":680,"height":680,"url":"https:\/\/becdaxis.ch\/wp-content\/uploads\/becdaxis-loro-square.jpg","type":"image\/jpeg"}],"twitter_card":"summary_large_image","twitter_misc":{"Dur\u00e9e de lecture estim\u00e9e":"1 minute"},"schema":{"@context":"https:\/\/schema.org","@graph":[{"@type":"WebPage","@id":"https:\/\/becdaxis.ch\/rdv\/","url":"https:\/\/becdaxis.ch\/rdv\/","name":"BECDAXIS SERVICES | FR | ES | Fiduciary Swiss tax Accounting","isPartOf":{"@id":"https:\/\/becdaxis.ch\/#website"},"primaryImageOfPage":{"@id":"https:\/\/becdaxis.ch\/rdv\/#primaryimage"},"image":{"@id":"https:\/\/becdaxis.ch\/rdv\/#primaryimage"},"thumbnailUrl":"https:\/\/becdaxis.ch\/wp-content\/uploads\/becdaxis-loro-square.jpg","datePublished":"2024-02-20T23:02:50+00:00","dateModified":"2025-06-11T17:49:44+00:00","description":"Based in Geneva, is your trusted partner for AFC tax services, accounting, payroll management, and taxes. Available in French and Spanish.","breadcrumb":{"@id":"https:\/\/becdaxis.ch\/rdv\/#breadcrumb"},"inLanguage":"fr-FR","potentialAction":[{"@type":"ReadAction","target":["https:\/\/becdaxis.ch\/rdv\/"]}]},{"@type":"ImageObject","inLanguage":"fr-FR","@id":"https:\/\/becdaxis.ch\/rdv\/#primaryimage","url":"https:\/\/becdaxis.ch\/wp-content\/uploads\/becdaxis-loro-square.jpg","contentUrl":"https:\/\/becdaxis.ch\/wp-content\/uploads\/becdaxis-loro-square.jpg","width":680,"height":680},{"@type":"BreadcrumbList","@id":"https:\/\/becdaxis.ch\/rdv\/#breadcrumb","itemListElement":[{"@type":"ListItem","position":1,"name":"Accueil","item":"https:\/\/becdaxis.ch\/fr\/"},{"@type":"ListItem","position":2,"name":"Rendez-vous"}]},{"@type":"WebSite","@id":"https:\/\/becdaxis.ch\/#website","url":"https:\/\/becdaxis.ch\/","name":"BECDAXIS SERVICES","description":"Route de Lyon 77, CH-1203 Gen\u00e8ve","publisher":{"@id":"https:\/\/becdaxis.ch\/#organization"},"potentialAction":[{"@type":"SearchAction","target":{"@type":"EntryPoint","urlTemplate":"https:\/\/becdaxis.ch\/?s={search_term_string}"},"query-input":{"@type":"PropertyValueSpecification","valueRequired":true,"valueName":"search_term_string"}}],"inLanguage":"fr-FR"},{"@type":"Organization","@id":"https:\/\/becdaxis.ch\/#organization","name":"BECDAXIS SERVICES","url":"https:\/\/becdaxis.ch\/","logo":{"@type":"ImageObject","inLanguage":"fr-FR","@id":"https:\/\/becdaxis.ch\/#\/schema\/logo\/image\/","url":"https:\/\/becdaxis.ch\/wp-content\/uploads\/becdaxis-loro-square.jpg","contentUrl":"https:\/\/becdaxis.ch\/wp-content\/uploads\/becdaxis-loro-square.jpg","width":680,"height":680,"caption":"BECDAXIS SERVICES"},"image":{"@id":"https:\/\/becdaxis.ch\/#\/schema\/logo\/image\/"},"sameAs":["https:\/\/www.facebook.com\/Becdaxis","https:\/\/linkedin.com\/company\/becdaxisservices","https:\/\/g.page\/BECDAXIS"]}]}},"_links":{"self":[{"href":"https:\/\/becdaxis.ch\/fr\/wp-json\/wp\/v2\/pages\/31781","targetHints":{"allow":["GET"]}}],"collection":[{"href":"https:\/\/becdaxis.ch\/fr\/wp-json\/wp\/v2\/pages"}],"about":[{"href":"https:\/\/becdaxis.ch\/fr\/wp-json\/wp\/v2\/types\/page"}],"author":[{"embeddable":true,"href":"https:\/\/becdaxis.ch\/fr\/wp-json\/wp\/v2\/users\/1"}],"replies":[{"embeddable":true,"href":"https:\/\/becdaxis.ch\/fr\/wp-json\/wp\/v2\/comments?post=31781"}],"version-history":[{"count":7,"href":"https:\/\/becdaxis.ch\/fr\/wp-json\/wp\/v2\/pages\/31781\/revisions"}],"predecessor-version":[{"id":31855,"href":"https:\/\/becdaxis.ch\/fr\/wp-json\/wp\/v2\/pages\/31781\/revisions\/31855"}],"wp:featuredmedia":[{"embeddable":true,"href":"https:\/\/becdaxis.ch\/fr\/wp-json\/wp\/v2\/media\/30312"}],"wp:attachment":[{"href":"https:\/\/becdaxis.ch\/fr\/wp-json\/wp\/v2\/media?parent=31781"}],"curies":[{"name":"wp","href":"https:\/\/api.w.org\/{rel}","templated":true}]}}